{"id":2127,"date":"2024-04-24T06:57:58","date_gmt":"2024-04-24T06:57:58","guid":{"rendered":"https:\/\/designingmedia.com\/lawfinity\/?page_id=2127"},"modified":"2024-09-10T20:41:27","modified_gmt":"2024-09-10T20:41:27","slug":"blog-style-02","status":"publish","type":"page","link":"https:\/\/www.petani-lawfirm.com\/sq\/blog-style-02\/","title":{"rendered":"Blog Style 02"},"content":{"rendered":"<div data-elementor-type=\"wp-page\" data-elementor-id=\"2127\" class=\"elementor elementor-2127\" data-elementor-post-type=\"page\">\n\t\t\t\t<div class=\"elementor-element elementor-element-d986243 e-flex e-con-boxed e-con e-parent\" data-id=\"d986243\" data-element_type=\"container\" data-e-type=\"container\">\n\t\t\t\t\t<div class=\"e-con-inner\">\n\t\t\t\t<div class=\"elementor-element elementor-element-376c524d elementor-widget elementor-widget-blog-archive\" data-id=\"376c524d\" data-element_type=\"widget\" data-e-type=\"widget\" data-widget_type=\"blog-archive.default\">\n\t\t\t\t<div class=\"elementor-widget-container\">\n\t\t\t\t\t<div class=\"post_archive\"><div class=\"post_archive\" style=\"display: grid; grid-template-columns: repeat(2, 1fr);\">                <!-- <div class=\"col-lg-4 col-md-6 col-sm-12 col-12\"> -->\r\n                    <div class=\"post_box\">\r\n                                            <div class=\"post_image\">\r\n                            <a class=\"archive-image-link d-block\" href=\"https:\/\/www.petani-lawfirm.com\/sq\/te-akuzuarit-perplasen-me-avokatet-jashte-gjykates-avokatet-ne-bojkot\/\">\r\n                                <figure class=\"host-archive-fig\">\r\n                                    <!-- < ?php echo get_the_post_thumbnail($post_id, $image_size); ?> -->\r\n                                    <img fetchpriority=\"high\" decoding=\"async\" width=\"1280\" height=\"720\" src=\"https:\/\/www.petani-lawfirm.com\/wp-content\/uploads\/2024\/04\/maxresdefault.jpg\" class=\"attachment-post-thumbnail size-post-thumbnail wp-post-image\" alt=\"\" srcset=\"https:\/\/www.petani-lawfirm.com\/wp-content\/uploads\/2024\/04\/maxresdefault.jpg 1280w, https:\/\/www.petani-lawfirm.com\/wp-content\/uploads\/2024\/04\/maxresdefault-300x169.jpg 300w, https:\/\/www.petani-lawfirm.com\/wp-content\/uploads\/2024\/04\/maxresdefault-1024x576.jpg 1024w, https:\/\/www.petani-lawfirm.com\/wp-content\/uploads\/2024\/04\/maxresdefault-768x432.jpg 768w, https:\/\/www.petani-lawfirm.com\/wp-content\/uploads\/2024\/04\/maxresdefault-18x10.jpg 18w\" sizes=\"(max-width: 1280px) 100vw, 1280px\" \/>                                <\/figure>\r\n                            <\/a>\r\n                        <\/div>\r\n                                                    <div class=\"post-content-outter\">\r\n                                <div class=\"post-category\">\r\n                                    <a href=\"https:\/\/www.petani-lawfirm.com\/sq\/category\/petani-blog\/\">Petani Blog<\/a>                                <\/div>\r\n                                <a href=\"https:\/\/www.petani-lawfirm.com\/sq\/te-akuzuarit-perplasen-me-avokatet-jashte-gjykates-avokatet-ne-bojkot\/\"><h5 class=\"heading-txt\">&#8220;T\u00eb akuzuarit p\u00ebrplasen me avokat\u00ebt jasht\u00eb Gjykat\u00ebs&#8221;, avokat\u00ebt n\u00eb bojkot<\/h5><\/a>\r\n                                <div class=\"span_wrapper\">\r\n                                    \r\n                                    \r\n                                                                    <\/div>\r\n\r\n                                                                    <p class=\"blog-archive-contents\">Burimi &amp; T\u00eb drejtat e autorit : Top Channel Albania Gjykata e Durr\u00ebsit, duke filluar nga data 3 Qershor 2024&hellip;<\/p>\r\n                                <a class=\"arcive_read_more_btn d-inline-block\" href=\"https:\/\/www.petani-lawfirm.com\/sq\/te-akuzuarit-perplasen-me-avokatet-jashte-gjykates-avokatet-ne-bojkot\/\">Lexo m\u00eb shum\u00eb<\/a>                            <\/div>\r\n                        <\/div>\r\n                    <!-- <\/div> -->\r\n                <!-- <\/div> -->\r\n                                <!-- <div class=\"col-lg-4 col-md-6 col-sm-12 col-12\"> -->\r\n                    <div class=\"post_box\">\r\n                                            <div class=\"post_image\">\r\n                            <a class=\"archive-image-link d-block\" href=\"https:\/\/www.petani-lawfirm.com\/sq\/aktet-nenligjore-fuqia-juridike-dhe-ipso-jure\/\">\r\n                                <figure class=\"host-archive-fig\">\r\n                                    <!-- < ?php echo get_the_post_thumbnail($post_id, $image_size); ?> -->\r\n                                    <img decoding=\"async\" width=\"960\" height=\"960\" src=\"https:\/\/www.petani-lawfirm.com\/wp-content\/uploads\/2026\/04\/pexels-ekaterina-bolovtsova-6077326.jpg\" class=\"attachment-post-thumbnail size-post-thumbnail wp-post-image\" alt=\"\" srcset=\"https:\/\/www.petani-lawfirm.com\/wp-content\/uploads\/2026\/04\/pexels-ekaterina-bolovtsova-6077326.jpg 960w, https:\/\/www.petani-lawfirm.com\/wp-content\/uploads\/2026\/04\/pexels-ekaterina-bolovtsova-6077326-300x300.jpg 300w, https:\/\/www.petani-lawfirm.com\/wp-content\/uploads\/2026\/04\/pexels-ekaterina-bolovtsova-6077326-150x150.jpg 150w, https:\/\/www.petani-lawfirm.com\/wp-content\/uploads\/2026\/04\/pexels-ekaterina-bolovtsova-6077326-768x768.jpg 768w, https:\/\/www.petani-lawfirm.com\/wp-content\/uploads\/2026\/04\/pexels-ekaterina-bolovtsova-6077326-12x12.jpg 12w\" sizes=\"(max-width: 960px) 100vw, 960px\" \/>                                <\/figure>\r\n                            <\/a>\r\n                        <\/div>\r\n                                                    <div class=\"post-content-outter\">\r\n                                <div class=\"post-category\">\r\n                                    <a href=\"https:\/\/www.petani-lawfirm.com\/sq\/category\/news\/\">News<\/a>                                <\/div>\r\n                                <a href=\"https:\/\/www.petani-lawfirm.com\/sq\/aktet-nenligjore-fuqia-juridike-dhe-ipso-jure\/\"><h5 class=\"heading-txt\">Aktet N\u00ebnligjore: Fuqia Juridike dhe Ipso Jure<\/h5><\/a>\r\n                                <div class=\"span_wrapper\">\r\n                                    \r\n                                    \r\n                                                                    <\/div>\r\n\r\n                                                                    <p class=\"blog-archive-contents\">&nbsp; E Drejta Administrative 19 DHJETOR 2023 Aktet N\u00ebnligjore: Fuqia Juridike dhe Ipso Jure Refleksione Juridike Vendimi nr.00-2023-2187(352) Kolegji Administrativ&hellip;<\/p>\r\n                                <a class=\"arcive_read_more_btn d-inline-block\" href=\"https:\/\/www.petani-lawfirm.com\/sq\/aktet-nenligjore-fuqia-juridike-dhe-ipso-jure\/\">Lexo m\u00eb shum\u00eb<\/a>                            <\/div>\r\n                        <\/div>\r\n                    <!-- <\/div> -->\r\n                <!-- <\/div> -->\r\n                <\/div><div class=\"pagination\"><span aria-current=\"page\" class=\"page-numbers current\">1<\/span>\n<a class=\"page-numbers\" href=\"https:\/\/www.petani-lawfirm.com\/sq\/wp-json\/wp\/v2\/pages\/2127\/page\/2\/\">2<\/a>\n<a class=\"page-numbers\" href=\"https:\/\/www.petani-lawfirm.com\/sq\/wp-json\/wp\/v2\/pages\/2127\/page\/3\/\">3<\/a>\n<span class=\"page-numbers dots\">&hellip;<\/span>\n<a class=\"page-numbers\" href=\"https:\/\/www.petani-lawfirm.com\/sq\/wp-json\/wp\/v2\/pages\/2127\/page\/27\/\">27<\/a>\n<a class=\"next page-numbers\" href=\"https:\/\/www.petani-lawfirm.com\/sq\/wp-json\/wp\/v2\/pages\/2127\/page\/2\/\">Pasuesi &raquo;<\/a><\/div>                    <style>\r\n            @media only screen and (max-width: 1024px){\r\n                .post_archive .post_archive{\r\n                    grid-template-columns: repeat(2, 1fr) !important;\r\n                }\r\n            }\r\n            @media only screen and (max-width: 767px){\r\n                .post_archive .post_archive{\r\n                    grid-template-columns: repeat(1, 1fr) !important;\r\n                }\r\n            }\r\n            <\/style>\r\n            \t\t\t\t<\/div>\n\t\t\t\t<\/div>\n\t\t\t\t\t<\/div>\n\t\t\t\t<\/div>\n\t\t\t\t<\/div>","protected":false},"excerpt":{"rendered":"<p>Uncategorized Cybersecurity and the Law: Protecting Your Digital Assets In today&#8217;s digital age, the protection of personal and business data is paramount. Cybersecurity breaches can have devastating consequences, ranging&hellip; Read More Uncategorized The Role of Attorneys in Estate Planning: Ensuring Your Legacy Estate planning is a crucial aspect of financial management that often gets overlooked [&hellip;]<\/p>\n","protected":false},"author":1,"featured_media":0,"parent":0,"menu_order":0,"comment_status":"closed","ping_status":"closed","template":"elementor_header_footer","meta":{"footnotes":""},"class_list":["post-2127","page","type-page","status-publish","hentry"],"yoast_head":"<!-- This site is optimized with the Yoast SEO plugin v27.5 - https:\/\/yoast.com\/product\/yoast-seo-wordpress\/ -->\n<title>Blog Style 02 - Petani Law Firm<\/title>\n<meta name=\"robots\" content=\"index, follow, max-snippet:-1, max-image-preview:large, max-video-preview:-1\" \/>\n<link rel=\"canonical\" href=\"https:\/\/www.petani-lawfirm.com\/sq\/blog-style-02\/\" \/>\n<meta property=\"og:locale\" content=\"sq_AL\" \/>\n<meta property=\"og:type\" content=\"article\" \/>\n<meta property=\"og:title\" content=\"Blog Style 02 - Petani Law Firm\" \/>\n<meta property=\"og:description\" content=\"Uncategorized Cybersecurity and the Law: Protecting Your Digital Assets In today&#8217;s digital age, the protection of personal and business data is paramount. Cybersecurity breaches can have devastating consequences, ranging&hellip; Read More Uncategorized The Role of Attorneys in Estate Planning: Ensuring Your Legacy Estate planning is a crucial aspect of financial management that often gets overlooked [&hellip;]\" \/>\n<meta property=\"og:url\" content=\"https:\/\/www.petani-lawfirm.com\/sq\/blog-style-02\/\" \/>\n<meta property=\"og:site_name\" content=\"Petani Law Firm\" \/>\n<meta property=\"article:modified_time\" content=\"2024-09-10T20:41:27+00:00\" \/>\n<meta property=\"og:image\" content=\"http:\/\/www.petani-lawfirm.com\/wp-content\/uploads\/2024\/04\/blog-post-3.jpg\" \/>\n<meta name=\"twitter:card\" content=\"summary_large_image\" \/>\n<script type=\"application\/ld+json\" class=\"yoast-schema-graph\">{\"@context\":\"https:\\\/\\\/schema.org\",\"@graph\":[{\"@type\":\"WebPage\",\"@id\":\"https:\\\/\\\/www.petani-lawfirm.com\\\/blog-style-02\\\/\",\"url\":\"https:\\\/\\\/www.petani-lawfirm.com\\\/blog-style-02\\\/\",\"name\":\"Blog Style 02 - Petani Law Firm\",\"isPartOf\":{\"@id\":\"https:\\\/\\\/www.petani-lawfirm.com\\\/sq\\\/#website\"},\"primaryImageOfPage\":{\"@id\":\"https:\\\/\\\/www.petani-lawfirm.com\\\/blog-style-02\\\/#primaryimage\"},\"image\":{\"@id\":\"https:\\\/\\\/www.petani-lawfirm.com\\\/blog-style-02\\\/#primaryimage\"},\"thumbnailUrl\":\"http:\\\/\\\/www.petani-lawfirm.com\\\/wp-content\\\/uploads\\\/2024\\\/04\\\/blog-post-3.jpg\",\"datePublished\":\"2024-04-24T06:57:58+00:00\",\"dateModified\":\"2024-09-10T20:41:27+00:00\",\"breadcrumb\":{\"@id\":\"https:\\\/\\\/www.petani-lawfirm.com\\\/blog-style-02\\\/#breadcrumb\"},\"inLanguage\":\"sq\",\"potentialAction\":[{\"@type\":\"ReadAction\",\"target\":[\"https:\\\/\\\/www.petani-lawfirm.com\\\/blog-style-02\\\/\"]}]},{\"@type\":\"ImageObject\",\"inLanguage\":\"sq\",\"@id\":\"https:\\\/\\\/www.petani-lawfirm.com\\\/blog-style-02\\\/#primaryimage\",\"url\":\"http:\\\/\\\/www.petani-lawfirm.com\\\/wp-content\\\/uploads\\\/2024\\\/04\\\/blog-post-3.jpg\",\"contentUrl\":\"http:\\\/\\\/www.petani-lawfirm.com\\\/wp-content\\\/uploads\\\/2024\\\/04\\\/blog-post-3.jpg\"},{\"@type\":\"BreadcrumbList\",\"@id\":\"https:\\\/\\\/www.petani-lawfirm.com\\\/blog-style-02\\\/#breadcrumb\",\"itemListElement\":[{\"@type\":\"ListItem\",\"position\":1,\"name\":\"Home\",\"item\":\"https:\\\/\\\/www.petani-lawfirm.com\\\/\"},{\"@type\":\"ListItem\",\"position\":2,\"name\":\"Blog Style 02\"}]},{\"@type\":\"WebSite\",\"@id\":\"https:\\\/\\\/www.petani-lawfirm.com\\\/sq\\\/#website\",\"url\":\"https:\\\/\\\/www.petani-lawfirm.com\\\/sq\\\/\",\"name\":\"Petani Law Firm\",\"description\":\"Law Firm in Durr\u00ebs\",\"publisher\":{\"@id\":\"https:\\\/\\\/www.petani-lawfirm.com\\\/sq\\\/#organization\"},\"potentialAction\":[{\"@type\":\"SearchAction\",\"target\":{\"@type\":\"EntryPoint\",\"urlTemplate\":\"https:\\\/\\\/www.petani-lawfirm.com\\\/sq\\\/?s={search_term_string}\"},\"query-input\":{\"@type\":\"PropertyValueSpecification\",\"valueRequired\":true,\"valueName\":\"search_term_string\"}}],\"inLanguage\":\"sq\"},{\"@type\":\"Organization\",\"@id\":\"https:\\\/\\\/www.petani-lawfirm.com\\\/sq\\\/#organization\",\"name\":\"Petani Law Firm\",\"url\":\"https:\\\/\\\/www.petani-lawfirm.com\\\/sq\\\/\",\"logo\":{\"@type\":\"ImageObject\",\"inLanguage\":\"sq\",\"@id\":\"https:\\\/\\\/www.petani-lawfirm.com\\\/sq\\\/#\\\/schema\\\/logo\\\/image\\\/\",\"url\":\"https:\\\/\\\/www.petani-lawfirm.com\\\/wp-content\\\/uploads\\\/2024\\\/04\\\/logo.png\",\"contentUrl\":\"https:\\\/\\\/www.petani-lawfirm.com\\\/wp-content\\\/uploads\\\/2024\\\/04\\\/logo.png\",\"width\":500,\"height\":155,\"caption\":\"Petani Law Firm\"},\"image\":{\"@id\":\"https:\\\/\\\/www.petani-lawfirm.com\\\/sq\\\/#\\\/schema\\\/logo\\\/image\\\/\"}}]}<\/script>\n<!-- \/ Yoast SEO plugin. -->","yoast_head_json":{"title":"Blog Style 02 - Petani Law Firm","robots":{"index":"index","follow":"follow","max-snippet":"max-snippet:-1","max-image-preview":"max-image-preview:large","max-video-preview":"max-video-preview:-1"},"canonical":"https:\/\/www.petani-lawfirm.com\/sq\/blog-style-02\/","og_locale":"sq_AL","og_type":"article","og_title":"Blog Style 02 - Petani Law Firm","og_description":"Uncategorized Cybersecurity and the Law: Protecting Your Digital Assets In today&#8217;s digital age, the protection of personal and business data is paramount. Cybersecurity breaches can have devastating consequences, ranging&hellip; Read More Uncategorized The Role of Attorneys in Estate Planning: Ensuring Your Legacy Estate planning is a crucial aspect of financial management that often gets overlooked [&hellip;]","og_url":"https:\/\/www.petani-lawfirm.com\/sq\/blog-style-02\/","og_site_name":"Petani Law Firm","article_modified_time":"2024-09-10T20:41:27+00:00","og_image":[{"url":"http:\/\/www.petani-lawfirm.com\/wp-content\/uploads\/2024\/04\/blog-post-3.jpg","type":"","width":"","height":""}],"twitter_card":"summary_large_image","schema":{"@context":"https:\/\/schema.org","@graph":[{"@type":"WebPage","@id":"https:\/\/www.petani-lawfirm.com\/blog-style-02\/","url":"https:\/\/www.petani-lawfirm.com\/blog-style-02\/","name":"Blog Style 02 - Petani Law Firm","isPartOf":{"@id":"https:\/\/www.petani-lawfirm.com\/sq\/#website"},"primaryImageOfPage":{"@id":"https:\/\/www.petani-lawfirm.com\/blog-style-02\/#primaryimage"},"image":{"@id":"https:\/\/www.petani-lawfirm.com\/blog-style-02\/#primaryimage"},"thumbnailUrl":"http:\/\/www.petani-lawfirm.com\/wp-content\/uploads\/2024\/04\/blog-post-3.jpg","datePublished":"2024-04-24T06:57:58+00:00","dateModified":"2024-09-10T20:41:27+00:00","breadcrumb":{"@id":"https:\/\/www.petani-lawfirm.com\/blog-style-02\/#breadcrumb"},"inLanguage":"sq","potentialAction":[{"@type":"ReadAction","target":["https:\/\/www.petani-lawfirm.com\/blog-style-02\/"]}]},{"@type":"ImageObject","inLanguage":"sq","@id":"https:\/\/www.petani-lawfirm.com\/blog-style-02\/#primaryimage","url":"http:\/\/www.petani-lawfirm.com\/wp-content\/uploads\/2024\/04\/blog-post-3.jpg","contentUrl":"http:\/\/www.petani-lawfirm.com\/wp-content\/uploads\/2024\/04\/blog-post-3.jpg"},{"@type":"BreadcrumbList","@id":"https:\/\/www.petani-lawfirm.com\/blog-style-02\/#breadcrumb","itemListElement":[{"@type":"ListItem","position":1,"name":"Home","item":"https:\/\/www.petani-lawfirm.com\/"},{"@type":"ListItem","position":2,"name":"Blog Style 02"}]},{"@type":"WebSite","@id":"https:\/\/www.petani-lawfirm.com\/sq\/#website","url":"https:\/\/www.petani-lawfirm.com\/sq\/","name":"Petani Law Firm","description":"Law Firm in Durr\u00ebs","publisher":{"@id":"https:\/\/www.petani-lawfirm.com\/sq\/#organization"},"potentialAction":[{"@type":"SearchAction","target":{"@type":"EntryPoint","urlTemplate":"https:\/\/www.petani-lawfirm.com\/sq\/?s={search_term_string}"},"query-input":{"@type":"PropertyValueSpecification","valueRequired":true,"valueName":"search_term_string"}}],"inLanguage":"sq"},{"@type":"Organization","@id":"https:\/\/www.petani-lawfirm.com\/sq\/#organization","name":"Petani Law Firm","url":"https:\/\/www.petani-lawfirm.com\/sq\/","logo":{"@type":"ImageObject","inLanguage":"sq","@id":"https:\/\/www.petani-lawfirm.com\/sq\/#\/schema\/logo\/image\/","url":"https:\/\/www.petani-lawfirm.com\/wp-content\/uploads\/2024\/04\/logo.png","contentUrl":"https:\/\/www.petani-lawfirm.com\/wp-content\/uploads\/2024\/04\/logo.png","width":500,"height":155,"caption":"Petani Law Firm"},"image":{"@id":"https:\/\/www.petani-lawfirm.com\/sq\/#\/schema\/logo\/image\/"}}]}},"_links":{"self":[{"href":"https:\/\/www.petani-lawfirm.com\/sq\/wp-json\/wp\/v2\/pages\/2127","targetHints":{"allow":["GET"]}}],"collection":[{"href":"https:\/\/www.petani-lawfirm.com\/sq\/wp-json\/wp\/v2\/pages"}],"about":[{"href":"https:\/\/www.petani-lawfirm.com\/sq\/wp-json\/wp\/v2\/types\/page"}],"author":[{"embeddable":true,"href":"https:\/\/www.petani-lawfirm.com\/sq\/wp-json\/wp\/v2\/users\/1"}],"replies":[{"embeddable":true,"href":"https:\/\/www.petani-lawfirm.com\/sq\/wp-json\/wp\/v2\/comments?post=2127"}],"version-history":[{"count":0,"href":"https:\/\/www.petani-lawfirm.com\/sq\/wp-json\/wp\/v2\/pages\/2127\/revisions"}],"wp:attachment":[{"href":"https:\/\/www.petani-lawfirm.com\/sq\/wp-json\/wp\/v2\/media?parent=2127"}],"curies":[{"name":"wp","href":"https:\/\/api.w.org\/{rel}","templated":true}]}}